{"id":3,"date":"2022-05-15T01:04:59","date_gmt":"2022-05-14T23:04:59","guid":{"rendered":"https:\/\/serwer1655539.home.pl\/wordpress\/?page_id=3"},"modified":"2022-05-23T11:39:51","modified_gmt":"2022-05-23T09:39:51","slug":"polityka-prywatnosci","status":"publish","type":"page","link":"https:\/\/rozowyslon.pl\/index.php\/polityka-prywatnosci\/","title":{"rendered":"Polityka prywatno\u015bci"},"content":{"rendered":"<div id=\"cs-content\" class=\"cs-content\"><\/div>\n","protected":false},"excerpt":{"rendered":"<p>Informacje o Ciasteczkach Niniejsze informacje dotycz\u0105 plik\u00f3w cookies i odnosz\u0105 si\u0119 do strony rozowyslon.pl, kt\u00f3rej operatorem jest &#8222;R\u00f3\u017cowy S\u0142o\u0144 &#8211; Catering dla dzieci&#8221; z siedzib\u0105 w Krakowie. Czym s\u0105 pliki cookies? To pliki tekstowe, wysy\u0142ane przez serwis internetowy do urz\u0105dzenia ko\u0144cowego (np. komputer, smartfon), z kt\u00f3rego korzystamy przegl\u0105daj\u0105c strony internetowe. W cookies znajduj\u0105 si\u0119 r\u00f3\u017cne informacje, cz\u0119sto niezb\u0119dne do prawid\u0142owego &#8230; <\/p>\n<div><a href=\"https:\/\/rozowyslon.pl\/index.php\/polityka-prywatnosci\/\" class=\"more-link\">Read More<\/a><\/div>\n","protected":false},"author":1,"featured_media":0,"parent":0,"menu_order":0,"comment_status":"closed","ping_status":"closed","template":"template-blank-4.php","meta":{"footnotes":""},"class_list":["post-3","page","type-page","status-publish","hentry","no-post-thumbnail"],"_links":{"self":[{"href":"https:\/\/rozowyslon.pl\/index.php\/wp-json\/wp\/v2\/pages\/3","targetHints":{"allow":["GET"]}}],"collection":[{"href":"https:\/\/rozowyslon.pl\/index.php\/wp-json\/wp\/v2\/pages"}],"about":[{"href":"https:\/\/rozowyslon.pl\/index.php\/wp-json\/wp\/v2\/types\/page"}],"author":[{"embeddable":true,"href":"https:\/\/rozowyslon.pl\/index.php\/wp-json\/wp\/v2\/users\/1"}],"replies":[{"embeddable":true,"href":"https:\/\/rozowyslon.pl\/index.php\/wp-json\/wp\/v2\/comments?post=3"}],"version-history":[{"count":3,"href":"https:\/\/rozowyslon.pl\/index.php\/wp-json\/wp\/v2\/pages\/3\/revisions"}],"predecessor-version":[{"id":195,"href":"https:\/\/rozowyslon.pl\/index.php\/wp-json\/wp\/v2\/pages\/3\/revisions\/195"}],"wp:attachment":[{"href":"https:\/\/rozowyslon.pl\/index.php\/wp-json\/wp\/v2\/media?parent=3"}],"curies":[{"name":"wp","href":"https:\/\/api.w.org\/{rel}","templated":true}]}}